{"id":207,"date":"2016-06-22T16:40:46","date_gmt":"2016-06-22T16:40:46","guid":{"rendered":"https:\/\/nplequipamentos.com.br\/?post_type=product&#038;p=207"},"modified":"2016-06-22T16:40:46","modified_gmt":"2016-06-22T16:40:46","slug":"luminaria-a-prova-de-explosao","status":"publish","type":"product","link":"https:\/\/nplequipamentos.com.br\/?product=luminaria-a-prova-de-explosao","title":{"rendered":"Lumin\u00e1ria \u00c0 Prova de Explos\u00e3o"},"content":{"rendered":"<p>Lumin\u00e1ria \u00c0 Prova de Explos\u00e3o<\/p>\n","protected":false},"excerpt":{"rendered":"<p>Lumin\u00e1ria \u00c0 Prova de Explos\u00e3o<\/p>\n","protected":false},"featured_media":204,"comment_status":"open","ping_status":"closed","template":"","meta":[],"product_brand":[],"product_cat":[31],"product_tag":[],"class_list":{"0":"post-207","1":"product","2":"type-product","3":"status-publish","4":"has-post-thumbnail","6":"product_cat-diversos","8":"first","9":"instock","10":"shipping-taxable","11":"product-type-simple"},"_links":{"self":[{"href":"https:\/\/nplequipamentos.com.br\/index.php?rest_route=\/wp\/v2\/product\/207","targetHints":{"allow":["GET"]}}],"collection":[{"href":"https:\/\/nplequipamentos.com.br\/index.php?rest_route=\/wp\/v2\/product"}],"about":[{"href":"https:\/\/nplequipamentos.com.br\/index.php?rest_route=\/wp\/v2\/types\/product"}],"replies":[{"embeddable":true,"href":"https:\/\/nplequipamentos.com.br\/index.php?rest_route=%2Fwp%2Fv2%2Fcomments&post=207"}],"wp:featuredmedia":[{"embeddable":true,"href":"https:\/\/nplequipamentos.com.br\/index.php?rest_route=\/wp\/v2\/media\/204"}],"wp:attachment":[{"href":"https:\/\/nplequipamentos.com.br\/index.php?rest_route=%2Fwp%2Fv2%2Fmedia&parent=207"}],"wp:term":[{"taxonomy":"product_brand","embeddable":true,"href":"https:\/\/nplequipamentos.com.br\/index.php?rest_route=%2Fwp%2Fv2%2Fproduct_brand&post=207"},{"taxonomy":"product_cat","embeddable":true,"href":"https:\/\/nplequipamentos.com.br\/index.php?rest_route=%2Fwp%2Fv2%2Fproduct_cat&post=207"},{"taxonomy":"product_tag","embeddable":true,"href":"https:\/\/nplequipamentos.com.br\/index.php?rest_route=%2Fwp%2Fv2%2Fproduct_tag&post=207"}],"curies":[{"name":"wp","href":"https:\/\/api.w.org\/{rel}","templated":true}]}}