{"id":139,"date":"2016-06-22T15:51:35","date_gmt":"2016-06-22T15:51:35","guid":{"rendered":"https:\/\/nplequipamentos.com.br\/?post_type=product&#038;p=139"},"modified":"2016-06-22T15:51:35","modified_gmt":"2016-06-22T15:51:35","slug":"plataforma-elevatoria-eletrica","status":"publish","type":"product","link":"https:\/\/nplequipamentos.com.br\/?product=plataforma-elevatoria-eletrica","title":{"rendered":"Plataforma Elevat\u00f3ria El\u00e9trica"},"content":{"rendered":"<p>Plataforma Elevat\u00f3ria El\u00e9trica<\/p>\n","protected":false},"excerpt":{"rendered":"<p>Plataforma Elevat\u00f3ria El\u00e9trica<\/p>\n","protected":false},"featured_media":105,"comment_status":"open","ping_status":"closed","template":"","meta":[],"product_brand":[],"product_cat":[18],"product_tag":[],"class_list":{"0":"post-139","1":"product","2":"type-product","3":"status-publish","4":"has-post-thumbnail","6":"product_cat-plataforma-elevatoria","8":"first","9":"instock","10":"shipping-taxable","11":"product-type-simple"},"_links":{"self":[{"href":"https:\/\/nplequipamentos.com.br\/index.php?rest_route=\/wp\/v2\/product\/139","targetHints":{"allow":["GET"]}}],"collection":[{"href":"https:\/\/nplequipamentos.com.br\/index.php?rest_route=\/wp\/v2\/product"}],"about":[{"href":"https:\/\/nplequipamentos.com.br\/index.php?rest_route=\/wp\/v2\/types\/product"}],"replies":[{"embeddable":true,"href":"https:\/\/nplequipamentos.com.br\/index.php?rest_route=%2Fwp%2Fv2%2Fcomments&post=139"}],"wp:featuredmedia":[{"embeddable":true,"href":"https:\/\/nplequipamentos.com.br\/index.php?rest_route=\/wp\/v2\/media\/105"}],"wp:attachment":[{"href":"https:\/\/nplequipamentos.com.br\/index.php?rest_route=%2Fwp%2Fv2%2Fmedia&parent=139"}],"wp:term":[{"taxonomy":"product_brand","embeddable":true,"href":"https:\/\/nplequipamentos.com.br\/index.php?rest_route=%2Fwp%2Fv2%2Fproduct_brand&post=139"},{"taxonomy":"product_cat","embeddable":true,"href":"https:\/\/nplequipamentos.com.br\/index.php?rest_route=%2Fwp%2Fv2%2Fproduct_cat&post=139"},{"taxonomy":"product_tag","embeddable":true,"href":"https:\/\/nplequipamentos.com.br\/index.php?rest_route=%2Fwp%2Fv2%2Fproduct_tag&post=139"}],"curies":[{"name":"wp","href":"https:\/\/api.w.org\/{rel}","templated":true}]}}