{"id":10,"date":"2016-06-21T15:54:52","date_gmt":"2016-06-21T15:54:52","guid":{"rendered":"https:\/\/nplequipamentos.com.br\/?page_id=10"},"modified":"2016-06-29T11:09:40","modified_gmt":"2016-06-29T14:09:40","slug":"a-empresa","status":"publish","type":"page","link":"https:\/\/nplequipamentos.com.br\/?page_id=10","title":{"rendered":"A Empresa"},"content":{"rendered":"<p><img loading=\"lazy\" decoding=\"async\" class=\"wp-image-60 alignright\" src=\"https:\/\/nplequipamentos.com.br\/wp-content\/uploads\/2016\/06\/aempresa.jpg\" alt=\"\" width=\"192\" height=\"192\" hspace=\"20\" vspace=\"20\"\/>A <strong>NPL Equipamentos<\/strong> entra no mercado com o intuito de oferecer confian\u00e7a, flexibilidade de prazos e baixos pre\u00e7os a seus clientes e parceiros de neg\u00f3cios, fornecendo aluguel de equipamentos e m\u00e1quinas de alta qualidade. A NPL tem como um de seus objetivos se consolidar e se tornar refer\u00eancia no mercado de loca\u00e7\u00f5es atrav\u00e9s de suas parcerias com empresas de tradi\u00e7\u00e3o no mercado.<\/p>\n<p><strong>Miss\u00e3o:<\/strong> Promover solu\u00e7\u00f5es diferenciadas atrav\u00e9s da loca\u00e7\u00e3o de m\u00e1quinas e equipamentos, oferecendo flexibilidade, qualidade e baixos pre\u00e7os a nossos clientes.<\/p>\n<p><strong>Vis\u00e3o:<\/strong> Ser reconhecido no mercado de loca\u00e7\u00e3o pela inova\u00e7\u00e3o, expertise e confiabilidade, desenvolvendo nossa equipe para superar as expectativas do mercado.<\/p>\n<p><strong>Valores:<\/strong> Confian\u00e7a, comprometimento, transpar\u00eancia e respeito ao meio ambiente.<\/p>\n","protected":false},"excerpt":{"rendered":"<p>A NPL Equipamentos entra no mercado com o intuito de oferecer confian\u00e7a, flexibilidade de prazos e baixos pre\u00e7os a seus clientes e parceiros de neg\u00f3cios, fornecendo aluguel de equipamentos e m\u00e1quinas de alta qualidade. A NPL tem como um de seus objetivos se consolidar e se tornar refer\u00eancia no mercado de loca\u00e7\u00f5es atrav\u00e9s de suas<a class=\"moretag\" href=\"https:\/\/nplequipamentos.com.br\/?page_id=10\"><span class=\"screen-reader-text\">Leia mais sobreA Empresa<\/span>[&#8230;]<\/a><\/p>\n","protected":false},"author":1,"featured_media":0,"parent":0,"menu_order":0,"comment_status":"closed","ping_status":"closed","template":"template-sidebar.php","meta":{"footnotes":""},"class_list":["post-10","page","type-page","status-publish","hentry"],"_links":{"self":[{"href":"https:\/\/nplequipamentos.com.br\/index.php?rest_route=\/wp\/v2\/pages\/10","targetHints":{"allow":["GET"]}}],"collection":[{"href":"https:\/\/nplequipamentos.com.br\/index.php?rest_route=\/wp\/v2\/pages"}],"about":[{"href":"https:\/\/nplequipamentos.com.br\/index.php?rest_route=\/wp\/v2\/types\/page"}],"author":[{"embeddable":true,"href":"https:\/\/nplequipamentos.com.br\/index.php?rest_route=\/wp\/v2\/users\/1"}],"replies":[{"embeddable":true,"href":"https:\/\/nplequipamentos.com.br\/index.php?rest_route=%2Fwp%2Fv2%2Fcomments&post=10"}],"version-history":[{"count":9,"href":"https:\/\/nplequipamentos.com.br\/index.php?rest_route=\/wp\/v2\/pages\/10\/revisions"}],"predecessor-version":[{"id":229,"href":"https:\/\/nplequipamentos.com.br\/index.php?rest_route=\/wp\/v2\/pages\/10\/revisions\/229"}],"wp:attachment":[{"href":"https:\/\/nplequipamentos.com.br\/index.php?rest_route=%2Fwp%2Fv2%2Fmedia&parent=10"}],"curies":[{"name":"wp","href":"https:\/\/api.w.org\/{rel}","templated":true}]}}